{"id":18,"date":"2024-01-20T23:40:01","date_gmt":"2024-01-20T23:40:01","guid":{"rendered":"http:\/\/www.electrosmartsystems.pl\/?page_id=18"},"modified":"2024-03-20T21:31:39","modified_gmt":"2024-03-20T21:31:39","slug":"strona-glowna","status":"publish","type":"page","link":"https:\/\/www.electrosmartsystems.pl\/","title":{"rendered":""},"content":{"rendered":"\r\n<p><em>Witaj w ElectroSmart Systems \u2013 gdzie innowacja spotyka si\u0119 z codziennym komfortem. Specjalizujemy si\u0119 w instalacjach elektrycznych, inteligentnych systemach domowych, monitoringu, zabezpieczeniach oraz rozwi\u0105zaniach elektronicznych dla samochod\u00f3w. Twoja przysz\u0142o\u015b\u0107 technologiczna zaczyna si\u0119 tutaj. Z nasz\u0105 pomoc\u0105 Tw\u00f3j \u015bwiat staje si\u0119 prostszy, bezpieczniejszy i bardziej zaawansowany technologicznie.<\/em><\/p>\r\n","protected":false},"excerpt":{"rendered":"<p>Witaj w ElectroSmart Systems \u2013 gdzie innowacja spotyka si\u0119 z codziennym komfortem. Specjalizujemy si\u0119 w instalacjach elektrycznych, inteligentnych systemach domowych, monitoringu, zabezpieczeniach oraz rozwi\u0105zaniach elektronicznych dla samochod\u00f3w. Twoja przysz\u0142o\u015b\u0107 technologiczna zaczyna si\u0119 tutaj. Z nasz\u0105 pomoc\u0105 Tw\u00f3j \u015bwiat staje si\u0119 prostszy, bezpieczniejszy i bardziej zaawansowany technologicznie.<\/p>\n","protected":false},"author":1,"featured_media":0,"parent":0,"menu_order":0,"comment_status":"closed","ping_status":"closed","template":"","meta":{"footnotes":""},"_links":{"self":[{"href":"https:\/\/www.electrosmartsystems.pl\/index.php?rest_route=\/wp\/v2\/pages\/18"}],"collection":[{"href":"https:\/\/www.electrosmartsystems.pl\/index.php?rest_route=\/wp\/v2\/pages"}],"about":[{"href":"https:\/\/www.electrosmartsystems.pl\/index.php?rest_route=\/wp\/v2\/types\/page"}],"author":[{"embeddable":true,"href":"https:\/\/www.electrosmartsystems.pl\/index.php?rest_route=\/wp\/v2\/users\/1"}],"replies":[{"embeddable":true,"href":"https:\/\/www.electrosmartsystems.pl\/index.php?rest_route=%2Fwp%2Fv2%2Fcomments&post=18"}],"version-history":[{"count":6,"href":"https:\/\/www.electrosmartsystems.pl\/index.php?rest_route=\/wp\/v2\/pages\/18\/revisions"}],"predecessor-version":[{"id":89,"href":"https:\/\/www.electrosmartsystems.pl\/index.php?rest_route=\/wp\/v2\/pages\/18\/revisions\/89"}],"wp:attachment":[{"href":"https:\/\/www.electrosmartsystems.pl\/index.php?rest_route=%2Fwp%2Fv2%2Fmedia&parent=18"}],"curies":[{"name":"wp","href":"https:\/\/api.w.org\/{rel}","templated":true}]}}