{"id":65,"date":"2024-01-23T23:38:30","date_gmt":"2024-01-23T23:38:30","guid":{"rendered":"http:\/\/www.electrosmartsystems.pl\/?page_id=65"},"modified":"2024-01-23T23:45:05","modified_gmt":"2024-01-23T23:45:05","slug":"uslugi","status":"publish","type":"page","link":"https:\/\/www.electrosmartsystems.pl\/?page_id=65","title":{"rendered":"Us\u0142ugi"},"content":{"rendered":"\n<ol>\n<li><strong>Instalacje Elektryczne i Sieciowe<\/strong> <em>Nowoczesne rozwi\u0105zania dla dom\u00f3w i przedsi\u0119biorstw, zapewniaj\u0105ce niezawodno\u015b\u0107 i efektywno\u015b\u0107 energetyczn\u0105.<\/em><\/li>\n\n\n\n<li><strong>Inteligentne Systemy Domowe<\/strong> <em>Zintegrowane systemy smart home dla komfortu, bezpiecze\u0144stwa i oszcz\u0119dno\u015bci energetycznych.<\/em><\/li>\n\n\n\n<li><strong>Monitoring i Zabezpieczenia<\/strong> <em>Zaawansowane systemy monitoringu wizyjnego i alarmowego, kt\u00f3re chroni\u0105 to, co dla Ciebie najcenniejsze.<\/em><\/li>\n\n\n\n<li><strong>Rozwi\u0105zania dla Samochod\u00f3w<\/strong> <em>Specjalistyczne us\u0142ugi elektroniczne, w tym instalacje car audio, system\u00f3w GPS, nawigacji i zaawansowanych alarm\u00f3w.<\/em><\/li>\n<\/ol>\n","protected":false},"excerpt":{"rendered":"","protected":false},"author":1,"featured_media":68,"parent":0,"menu_order":0,"comment_status":"closed","ping_status":"closed","template":"","meta":{"footnotes":""},"_links":{"self":[{"href":"https:\/\/www.electrosmartsystems.pl\/index.php?rest_route=\/wp\/v2\/pages\/65"}],"collection":[{"href":"https:\/\/www.electrosmartsystems.pl\/index.php?rest_route=\/wp\/v2\/pages"}],"about":[{"href":"https:\/\/www.electrosmartsystems.pl\/index.php?rest_route=\/wp\/v2\/types\/page"}],"author":[{"embeddable":true,"href":"https:\/\/www.electrosmartsystems.pl\/index.php?rest_route=\/wp\/v2\/users\/1"}],"replies":[{"embeddable":true,"href":"https:\/\/www.electrosmartsystems.pl\/index.php?rest_route=%2Fwp%2Fv2%2Fcomments&post=65"}],"version-history":[{"count":1,"href":"https:\/\/www.electrosmartsystems.pl\/index.php?rest_route=\/wp\/v2\/pages\/65\/revisions"}],"predecessor-version":[{"id":66,"href":"https:\/\/www.electrosmartsystems.pl\/index.php?rest_route=\/wp\/v2\/pages\/65\/revisions\/66"}],"wp:featuredmedia":[{"embeddable":true,"href":"https:\/\/www.electrosmartsystems.pl\/index.php?rest_route=\/wp\/v2\/media\/68"}],"wp:attachment":[{"href":"https:\/\/www.electrosmartsystems.pl\/index.php?rest_route=%2Fwp%2Fv2%2Fmedia&parent=65"}],"curies":[{"name":"wp","href":"https:\/\/api.w.org\/{rel}","templated":true}]}}